{"id":636,"date":"2025-04-26T22:08:53","date_gmt":"2025-04-26T22:08:53","guid":{"rendered":"https:\/\/partlan.pl\/about-the-company\/"},"modified":"2025-05-11T08:32:23","modified_gmt":"2025-05-11T08:32:23","slug":"about-the-company","status":"publish","type":"page","link":"https:\/\/partlan.pl\/en\/about-the-company\/","title":{"rendered":"About us"},"content":{"rendered":"<p>[et_pb_section fb_built=&#8221;1&#8243; module_id=&#8221;el-flex-row&#8221; _builder_version=&#8221;4.27.4&#8243; _module_preset=&#8221;default&#8221; global_colors_info=&#8221;{}&#8221;][et_pb_row column_structure=&#8221;1_2,1_2&#8243; make_equal=&#8221;on&#8221; module_id=&#8221;el-flex-row&#8221; _builder_version=&#8221;4.27.4&#8243; _module_preset=&#8221;default&#8221; custom_margin=&#8221;-15px|auto||auto||&#8221; global_colors_info=&#8221;{}&#8221;][et_pb_column type=&#8221;1_2&#8243; _builder_version=&#8221;4.27.4&#8243; _module_preset=&#8221;default&#8221; custom_css_main_element=&#8221;margin: auto; &#8221; global_colors_info=&#8221;{}&#8221;][et_pb_heading title=&#8221;About Partlan  &#8221; _builder_version=&#8221;4.27.4&#8243; _module_preset=&#8221;default&#8221; title_font=&#8221;|700||on|||||&#8221; custom_margin=&#8221;||1px|||&#8221; global_colors_info=&#8221;{}&#8221;][\/et_pb_heading][et_pb_divider color=&#8221;#000000&#8243; _builder_version=&#8221;4.27.4&#8243; _module_preset=&#8221;default&#8221; global_colors_info=&#8221;{}&#8221;][\/et_pb_divider][et_pb_text _builder_version=&#8221;4.27.4&#8243; _module_preset=&#8221;default&#8221; global_colors_info=&#8221;{}&#8221;]<\/p>\n<p data-start=\"0\" data-end=\"365\" class=\"\" style=\"text-align: justify;\"><strong>PARTLAN LANGE LP<\/strong> is an independent distributor of original and spare parts for construction and mining machinery. With modern technical facilities, we serve customers in Poland, the European Union and foreign markets. The key to the dynamic development of the company is the commitment of our team, high standard of service and excellent customer relations.  <\/p>\n<p data-start=\"367\" data-end=\"652\" class=\"\" style=\"text-align: justify;\">Our products are sourced from carefully selected suppliers from around the world who share our approach &#8211; providing quality parts at the highest possible level. We pride ourselves on professional service, top-notch replacement parts and competitive prices. <\/p>\n<p data-start=\"654\" data-end=\"769\" class=\"\" style=\"text-align: justify;\">Feel free to contact our sales team &#8211; we will be happy to advise and help you choose the right products.<\/p>\n<p>[\/et_pb_text][\/et_pb_column][et_pb_column type=&#8221;1_2&#8243; _builder_version=&#8221;4.27.4&#8243; _module_preset=&#8221;default&#8221; custom_css_main_element=&#8221;margin: auto; &#8221; global_colors_info=&#8221;{}&#8221;][et_pb_image src=&#8221;https:\/\/partlan.pl\/wp-content\/uploads\/2025\/05\/DSC02781_2.webp&#8221; title_text=&#8221;DSC02781_2&#8243; _builder_version=&#8221;4.27.4&#8243; _module_preset=&#8221;default&#8221; module_alignment=&#8221;center&#8221; border_width_all=&#8221;3px&#8221; box_shadow_style=&#8221;preset2&#8243; box_shadow_blur=&#8221;25px&#8221; box_shadow_color=&#8221;#000000&#8243; global_colors_info=&#8221;{}&#8221;][\/et_pb_image][\/et_pb_column][\/et_pb_row][et_pb_row column_structure=&#8221;1_3,2_3&#8243; make_equal=&#8221;on&#8221; module_id=&#8221;el-flex-row&#8221; _builder_version=&#8221;4.27.4&#8243; _module_preset=&#8221;default&#8221; custom_margin=&#8221;-15px|auto||auto||&#8221; global_colors_info=&#8221;{}&#8221;][et_pb_column type=&#8221;1_3&#8243; _builder_version=&#8221;4.27.4&#8243; _module_preset=&#8221;default&#8221; global_colors_info=&#8221;{}&#8221;][et_pb_image src=&#8221;https:\/\/partlan.pl\/wp-content\/uploads\/2025\/04\/Engine-2.webp&#8221; title_text=&#8221;Engine&#8221; _builder_version=&#8221;4.27.4&#8243; _module_preset=&#8221;default&#8221; module_alignment=&#8221;center&#8221; border_width_all=&#8221;3px&#8221; box_shadow_style=&#8221;preset2&#8243; box_shadow_blur=&#8221;25px&#8221; box_shadow_color=&#8221;#000000&#8243; global_colors_info=&#8221;{}&#8221;][\/et_pb_image][\/et_pb_column][et_pb_column type=&#8221;2_3&#8243; _builder_version=&#8221;4.27.4&#8243; _module_preset=&#8221;default&#8221; custom_css_main_element=&#8221;margin: auto;&#8221; global_colors_info=&#8221;{}&#8221;][et_pb_heading title=&#8221;Spare parts&#8221; _builder_version=&#8221;4.27.4&#8243; _module_preset=&#8221;default&#8221; title_font=&#8221;|700||on|||||&#8221; custom_margin=&#8221;||1px|||&#8221; global_colors_info=&#8221;{}&#8221;][\/et_pb_heading][et_pb_divider color=&#8221;#000000&#8243; _builder_version=&#8221;4.27.4&#8243; _module_preset=&#8221;default&#8221; global_colors_info=&#8221;{}&#8221;][\/et_pb_divider][et_pb_text _builder_version=&#8221;4.27.4&#8243; _module_preset=&#8221;default&#8221; global_colors_info=&#8221;{}&#8221;]<\/p>\n<p data-start=\"0\" data-end=\"55\" class=\"\"><strong>PARTLAN LANGE LP<\/strong> is proud to supply spare parts for:<\/p>\n<ul data-start=\"482\" data-end=\"663\">\n<li data-start=\"59\" data-end=\"83\" class=\"\">\n<p data-start=\"61\" data-end=\"83\" class=\"\"><strong data-start=\"70\" data-end=\"81\">Cummins<\/strong> engines<\/p>\n<\/li>\n<li data-start=\"84\" data-end=\"122\" class=\"\">\n<p data-start=\"86\" data-end=\"122\" class=\"\"><strong data-start=\"93\" data-end=\"120\">Liugong \/ Dressta \/ HSW<\/strong> machines<\/p>\n<\/li>\n<li data-start=\"123\" data-end=\"145\" class=\"\">\n<p data-start=\"125\" data-end=\"145\" class=\"\"><strong data-start=\"134\" data-end=\"143\">Deutz<\/strong> engines<\/p>\n<\/li>\n<li data-start=\"146\" data-end=\"174\" class=\"\">\n<p data-start=\"148\" data-end=\"174\" class=\"\"><strong data-start=\"157\" data-end=\"172\">Volvo Penta<\/strong> engines<\/p>\n<\/li>\n<li data-start=\"175\" data-end=\"198\" class=\"\">\n<p data-start=\"177\" data-end=\"198\" class=\"\">and <strong data-start=\"182\" data-end=\"198\" data-is-last-node=\"\">other brands<\/strong><\/p>\n<\/li>\n<\/ul>\n<p>[\/et_pb_text][\/et_pb_column][\/et_pb_row][\/et_pb_section]<\/p>\n","protected":false},"excerpt":{"rendered":"<p>PARTLAN LANGE LP is an independent distributor of original and spare parts for construction and mining machinery. With modern technical facilities, we serve customers in Poland, the European Union and foreign markets. The key to the dynamic development of the company is the commitment of our team, high standard of service and excellent customer relations. [&hellip;]<\/p>\n","protected":false},"author":1,"featured_media":0,"parent":0,"menu_order":0,"comment_status":"closed","ping_status":"closed","template":"","meta":{"_et_pb_use_builder":"on","_et_pb_old_content":"","_et_gb_content_width":"","footnotes":""},"class_list":["post-636","page","type-page","status-publish","hentry"],"yoast_head":"<!-- This site is optimized with the Yoast SEO plugin v27.2 - https:\/\/yoast.com\/product\/yoast-seo-wordpress\/ -->\n<title>About us - Partlan<\/title>\n<meta name=\"robots\" content=\"index, follow, max-snippet:-1, max-image-preview:large, max-video-preview:-1\" \/>\n<link rel=\"canonical\" href=\"https:\/\/partlan.pl\/en\/about-the-company\/\" \/>\n<meta property=\"og:locale\" content=\"en_US\" \/>\n<meta property=\"og:type\" content=\"article\" \/>\n<meta property=\"og:title\" content=\"About us - Partlan\" \/>\n<meta property=\"og:description\" content=\"PARTLAN LANGE LP is an independent distributor of original and spare parts for construction and mining machinery. With modern technical facilities, we serve customers in Poland, the European Union and foreign markets. The key to the dynamic development of the company is the commitment of our team, high standard of service and excellent customer relations. [&hellip;]\" \/>\n<meta property=\"og:url\" content=\"https:\/\/partlan.pl\/en\/about-the-company\/\" \/>\n<meta property=\"og:site_name\" content=\"Partlan\" \/>\n<meta property=\"article:modified_time\" content=\"2025-05-11T08:32:23+00:00\" \/>\n<meta name=\"twitter:card\" content=\"summary_large_image\" \/>\n<meta name=\"twitter:label1\" content=\"Est. reading time\" \/>\n\t<meta name=\"twitter:data1\" content=\"2 minutes\" \/>\n<script type=\"application\/ld+json\" class=\"yoast-schema-graph\">{\"@context\":\"https:\/\/schema.org\",\"@graph\":[{\"@type\":\"WebPage\",\"@id\":\"https:\/\/partlan.pl\/en\/about-the-company\/\",\"url\":\"https:\/\/partlan.pl\/en\/about-the-company\/\",\"name\":\"About us - Partlan\",\"isPartOf\":{\"@id\":\"https:\/\/partlan.pl\/en\/#website\"},\"datePublished\":\"2025-04-26T22:08:53+00:00\",\"dateModified\":\"2025-05-11T08:32:23+00:00\",\"breadcrumb\":{\"@id\":\"https:\/\/partlan.pl\/en\/about-the-company\/#breadcrumb\"},\"inLanguage\":\"en-US\",\"potentialAction\":[{\"@type\":\"ReadAction\",\"target\":[\"https:\/\/partlan.pl\/en\/about-the-company\/\"]}]},{\"@type\":\"BreadcrumbList\",\"@id\":\"https:\/\/partlan.pl\/en\/about-the-company\/#breadcrumb\",\"itemListElement\":[{\"@type\":\"ListItem\",\"position\":1,\"name\":\"Homepage\",\"item\":\"https:\/\/partlan.pl\/en\/\"},{\"@type\":\"ListItem\",\"position\":2,\"name\":\"About us\"}]},{\"@type\":\"WebSite\",\"@id\":\"https:\/\/partlan.pl\/en\/#website\",\"url\":\"https:\/\/partlan.pl\/en\/\",\"name\":\"Partlan\",\"description\":\"Niezale\u017cny dystrybutor oryginalnych i zamiennych cz\u0119\u015bci do maszyn budowlanych i g\u00f3rniczych\",\"potentialAction\":[{\"@type\":\"SearchAction\",\"target\":{\"@type\":\"EntryPoint\",\"urlTemplate\":\"https:\/\/partlan.pl\/en\/?s={search_term_string}\"},\"query-input\":{\"@type\":\"PropertyValueSpecification\",\"valueRequired\":true,\"valueName\":\"search_term_string\"}}],\"inLanguage\":\"en-US\"}]}<\/script>\n<!-- \/ Yoast SEO plugin. -->","yoast_head_json":{"title":"About us - Partlan","robots":{"index":"index","follow":"follow","max-snippet":"max-snippet:-1","max-image-preview":"max-image-preview:large","max-video-preview":"max-video-preview:-1"},"canonical":"https:\/\/partlan.pl\/en\/about-the-company\/","og_locale":"en_US","og_type":"article","og_title":"About us - Partlan","og_description":"PARTLAN LANGE LP is an independent distributor of original and spare parts for construction and mining machinery. With modern technical facilities, we serve customers in Poland, the European Union and foreign markets. The key to the dynamic development of the company is the commitment of our team, high standard of service and excellent customer relations. [&hellip;]","og_url":"https:\/\/partlan.pl\/en\/about-the-company\/","og_site_name":"Partlan","article_modified_time":"2025-05-11T08:32:23+00:00","twitter_card":"summary_large_image","twitter_misc":{"Est. reading time":"2 minutes"},"schema":{"@context":"https:\/\/schema.org","@graph":[{"@type":"WebPage","@id":"https:\/\/partlan.pl\/en\/about-the-company\/","url":"https:\/\/partlan.pl\/en\/about-the-company\/","name":"About us - Partlan","isPartOf":{"@id":"https:\/\/partlan.pl\/en\/#website"},"datePublished":"2025-04-26T22:08:53+00:00","dateModified":"2025-05-11T08:32:23+00:00","breadcrumb":{"@id":"https:\/\/partlan.pl\/en\/about-the-company\/#breadcrumb"},"inLanguage":"en-US","potentialAction":[{"@type":"ReadAction","target":["https:\/\/partlan.pl\/en\/about-the-company\/"]}]},{"@type":"BreadcrumbList","@id":"https:\/\/partlan.pl\/en\/about-the-company\/#breadcrumb","itemListElement":[{"@type":"ListItem","position":1,"name":"Homepage","item":"https:\/\/partlan.pl\/en\/"},{"@type":"ListItem","position":2,"name":"About us"}]},{"@type":"WebSite","@id":"https:\/\/partlan.pl\/en\/#website","url":"https:\/\/partlan.pl\/en\/","name":"Partlan","description":"Niezale\u017cny dystrybutor oryginalnych i zamiennych cz\u0119\u015bci do maszyn budowlanych i g\u00f3rniczych","potentialAction":[{"@type":"SearchAction","target":{"@type":"EntryPoint","urlTemplate":"https:\/\/partlan.pl\/en\/?s={search_term_string}"},"query-input":{"@type":"PropertyValueSpecification","valueRequired":true,"valueName":"search_term_string"}}],"inLanguage":"en-US"}]}},"_links":{"self":[{"href":"https:\/\/partlan.pl\/en\/wp-json\/wp\/v2\/pages\/636","targetHints":{"allow":["GET"]}}],"collection":[{"href":"https:\/\/partlan.pl\/en\/wp-json\/wp\/v2\/pages"}],"about":[{"href":"https:\/\/partlan.pl\/en\/wp-json\/wp\/v2\/types\/page"}],"author":[{"embeddable":true,"href":"https:\/\/partlan.pl\/en\/wp-json\/wp\/v2\/users\/1"}],"replies":[{"embeddable":true,"href":"https:\/\/partlan.pl\/en\/wp-json\/wp\/v2\/comments?post=636"}],"version-history":[{"count":5,"href":"https:\/\/partlan.pl\/en\/wp-json\/wp\/v2\/pages\/636\/revisions"}],"predecessor-version":[{"id":929,"href":"https:\/\/partlan.pl\/en\/wp-json\/wp\/v2\/pages\/636\/revisions\/929"}],"wp:attachment":[{"href":"https:\/\/partlan.pl\/en\/wp-json\/wp\/v2\/media?parent=636"}],"curies":[{"name":"wp","href":"https:\/\/api.w.org\/{rel}","templated":true}]}}