{"id":651,"date":"2025-04-26T22:45:14","date_gmt":"2025-04-26T22:45:14","guid":{"rendered":"https:\/\/partlan.pl\/%d1%81%d0%b2%d1%8f%d0%b6%d0%b8%d1%82%d0%b5%d1%81%d1%8c-%d1%81\/"},"modified":"2025-05-11T09:24:16","modified_gmt":"2025-05-11T09:24:16","slug":"%d1%81%d0%b2%d1%8f%d0%b6%d0%b8%d1%82%d0%b5%d1%81%d1%8c-%d1%81","status":"publish","type":"page","link":"https:\/\/partlan.pl\/ru\/%d1%81%d0%b2%d1%8f%d0%b6%d0%b8%d1%82%d0%b5%d1%81%d1%8c-%d1%81\/","title":{"rendered":"\u041a\u043e\u043d\u0442\u0430\u043a\u0442\u044b"},"content":{"rendered":"<p>[et_pb_section fb_built=&#187;1&#8243; _builder_version=&#187;4.27.4&#8243; _module_preset=&#187;default&#187; background_color=&#187;#606060&#8243; locked=&#187;off&#187; global_colors_info=&#187;{}&#187;][et_pb_row column_structure=&#187;1_2,1_4,1_4&#8243; _builder_version=&#187;4.27.4&#8243; _module_preset=&#187;default&#187; custom_padding=&#187;|15px||15px|false|false&#187; global_colors_info=&#187;{}&#187;][et_pb_column type=&#187;1_2&#8243; _builder_version=&#187;4.27.4&#8243; _module_preset=&#187;default&#187; global_colors_info=&#187;{}&#187;][et_pb_heading title=&#187;\u0411\u044b\u0441\u0442\u0440\u044b\u0439 \u043a\u043e\u043d\u0442\u0430\u043a\u0442&#187; _builder_version=&#187;4.27.4&#8243; _module_preset=&#187;default&#187; title_font=&#187;|||on|||||&#187; title_text_align=&#187;left&#187; title_text_color=&#187;#FFFFFF&#187; global_colors_info=&#187;{}&#187;][\/et_pb_heading][et_pb_contact_form _builder_version=&#187;4.27.4&#8243; _module_preset=&#187;default&#187; _unique_id=&#187;af8e2017-ac6c-4f03-8bdd-8f55f2f75f38&#8243; global_colors_info=&#187;{}&#187;][et_pb_contact_field field_id=&#187;Name&#187; field_title=&#187;\u0418\u043c\u044f&#187; fullwidth_field=&#187;on&#187; _builder_version=&#187;4.27.4&#8243; form_field_background_color=&#187;#FFFFFF&#187; form_field_line_height=&#187;1em&#187; global_colors_info=&#187;{}&#187; button_text_size__hover_enabled=&#187;off&#187; button_one_text_size__hover_enabled=&#187;off&#187; button_two_text_size__hover_enabled=&#187;off&#187; button_text_color__hover_enabled=&#187;off&#187; button_one_text_color__hover_enabled=&#187;off&#187; button_two_text_color__hover_enabled=&#187;off&#187; button_border_width__hover_enabled=&#187;off&#187; button_one_border_width__hover_enabled=&#187;off&#187; button_two_border_width__hover_enabled=&#187;off&#187; button_border_color__hover_enabled=&#187;off&#187; button_one_border_color__hover_enabled=&#187;off&#187; button_two_border_color__hover_enabled=&#187;off&#187; button_border_radius__hover_enabled=&#187;off&#187; button_one_border_radius__hover_enabled=&#187;off&#187; button_two_border_radius__hover_enabled=&#187;off&#187; button_letter_spacing__hover_enabled=&#187;off&#187; button_one_letter_spacing__hover_enabled=&#187;off&#187; button_two_letter_spacing__hover_enabled=&#187;off&#187; button_bg_color__hover_enabled=&#187;off&#187; button_one_bg_color__hover_enabled=&#187;off&#187; button_two_bg_color__hover_enabled=&#187;off&#187;][\/et_pb_contact_field][et_pb_contact_field field_id=&#187;Email&#187; field_title=&#187;\u0410\u0434\u0440\u0435\u0441 \u044d\u043b\u0435\u043a\u0442\u0440\u043e\u043d\u043d\u043e\u0439 \u043f\u043e\u0447\u0442\u044b&#187; field_type=&#187;email&#187; fullwidth_field=&#187;on&#187; _builder_version=&#187;4.27.4&#8243; global_colors_info=&#187;{}&#187; button_text_size__hover_enabled=&#187;off&#187; button_one_text_size__hover_enabled=&#187;off&#187; button_two_text_size__hover_enabled=&#187;off&#187; button_text_color__hover_enabled=&#187;off&#187; button_one_text_color__hover_enabled=&#187;off&#187; button_two_text_color__hover_enabled=&#187;off&#187; button_border_width__hover_enabled=&#187;off&#187; button_one_border_width__hover_enabled=&#187;off&#187; button_two_border_width__hover_enabled=&#187;off&#187; button_border_color__hover_enabled=&#187;off&#187; button_one_border_color__hover_enabled=&#187;off&#187; button_two_border_color__hover_enabled=&#187;off&#187; button_border_radius__hover_enabled=&#187;off&#187; button_one_border_radius__hover_enabled=&#187;off&#187; button_two_border_radius__hover_enabled=&#187;off&#187; button_letter_spacing__hover_enabled=&#187;off&#187; button_one_letter_spacing__hover_enabled=&#187;off&#187; button_two_letter_spacing__hover_enabled=&#187;off&#187; button_bg_color__hover_enabled=&#187;off&#187; button_one_bg_color__hover_enabled=&#187;off&#187; button_two_bg_color__hover_enabled=&#187;off&#187;][\/et_pb_contact_field][et_pb_contact_field field_id=&#187;phone&#187; field_title=&#187;\u0422\u0435\u043b\u0435\u0444\u043e\u043d&#187; allowed_symbols=&#187;numbers&#187; fullwidth_field=&#187;on&#187; _builder_version=&#187;4.27.4&#8243; _module_preset=&#187;default&#187; global_colors_info=&#187;{}&#187;][\/et_pb_contact_field][et_pb_contact_field field_id=&#187;company&#187; field_title=&#187;\u041a\u043e\u043c\u043f\u0430\u043d\u0438\u044f&#187; required_mark=&#187;off&#187; fullwidth_field=&#187;on&#187; _builder_version=&#187;4.27.4&#8243; _module_preset=&#187;default&#187; global_colors_info=&#187;{}&#187;][\/et_pb_contact_field][et_pb_contact_field field_id=&#187;city&#187; field_title=&#187;\u0413\u043e\u0440\u043e\u0434&#187; required_mark=&#187;off&#187; fullwidth_field=&#187;on&#187; _builder_version=&#187;4.27.4&#8243; _module_preset=&#187;default&#187; global_colors_info=&#187;{}&#187;][\/et_pb_contact_field][et_pb_contact_field field_id=&#187;subject&#187; field_title=&#187;\u0422\u0435\u043c\u0430&#187; field_type=&#187;select&#187; select_options=&#187;%91{%22value%22:%22\u0417\u0430\u043a\u0430\u0437\u0430\u0442\u044c%22,%22checked%22:0,%22dragID%22:-1},{%22value%22:%22\u0422\u0435\u0445\u043d\u0438\u0447\u0435\u0441\u043a\u0438\u0435 \u0442\u0435\u043c\u044b%22,%22checked%22:0,%22dragID%22:0},{%22value%22:%22\u041f\u0440\u043e\u0431\u043b\u0435\u043c\u0430%22,%22checked%22:0,%22dragID%22:1},{%22value%22:%22\u0414\u0440\u0443\u0433\u0438\u0435%22,%22checked%22:0,%22dragID%22:2}%93&#8243; fullwidth_field=&#187;on&#187; _builder_version=&#187;4.27.4&#8243; _module_preset=&#187;default&#187; global_colors_info=&#187;{}&#187;][\/et_pb_contact_field][et_pb_contact_field field_id=&#187;Message&#187; field_title=&#187;\u0421\u043e\u043e\u0431\u0449\u0435\u043d\u0438\u0435&#187; field_type=&#187;text&#187; fullwidth_field=&#187;on&#187; _builder_version=&#187;4.16&#8243; global_colors_info=&#187;{}&#187; button_text_size__hover_enabled=&#187;off&#187; button_one_text_size__hover_enabled=&#187;off&#187; button_two_text_size__hover_enabled=&#187;off&#187; button_text_color__hover_enabled=&#187;off&#187; button_one_text_color__hover_enabled=&#187;off&#187; button_two_text_color__hover_enabled=&#187;off&#187; button_border_width__hover_enabled=&#187;off&#187; button_one_border_width__hover_enabled=&#187;off&#187; button_two_border_width__hover_enabled=&#187;off&#187; button_border_color__hover_enabled=&#187;off&#187; button_one_border_color__hover_enabled=&#187;off&#187; button_two_border_color__hover_enabled=&#187;off&#187; button_border_radius__hover_enabled=&#187;off&#187; button_one_border_radius__hover_enabled=&#187;off&#187; button_two_border_radius__hover_enabled=&#187;off&#187; button_letter_spacing__hover_enabled=&#187;off&#187; button_one_letter_spacing__hover_enabled=&#187;off&#187; button_two_letter_spacing__hover_enabled=&#187;off&#187; button_bg_color__hover_enabled=&#187;off&#187; button_one_bg_color__hover_enabled=&#187;off&#187; button_two_bg_color__hover_enabled=&#187;off&#187;][\/et_pb_contact_field][\/et_pb_contact_form][et_pb_text _builder_version=&#187;4.27.4&#8243; _module_preset=&#187;default&#187; text_font=&#187;|600||on|||||&#187; text_text_color=&#187;#FFFFFF&#187; text_orientation=&#187;center&#187; custom_padding=&#187;5px||5px||false|false&#187; border_width_all=&#187;2px&#187; border_color_all=&#187;#E02B20&#8243; global_colors_info=&#187;{}&#187;]<\/p>\n<p><span>\u0427\u0442\u043e\u0431\u044b \u043e\u0442\u043f\u0440\u0430\u0432\u0438\u0442\u044c \u0444\u043e\u0440\u043c\u0443, \u0412\u044b \u0434\u043e\u043b\u0436\u043d\u044b \u0440\u0435\u0448\u0438\u0442\u044c \u043c\u0430\u0442\u0435\u043c\u0430\u0442\u0438\u0447\u0435\u0441\u043a\u0443\u044e \u0437\u0430\u0434\u0430\u0447\u0443, \u043f\u0440\u0438\u0432\u0435\u0434\u0435\u043d\u043d\u0443\u044e \u0432\u044b\u0448\u0435.<\/span><\/p>\n<p>[\/et_pb_text][\/et_pb_column][et_pb_column type=&#187;1_4&#8243; _builder_version=&#187;4.27.4&#8243; _module_preset=&#187;default&#187; global_colors_info=&#187;{}&#187;][et_pb_heading title=&#187;\u041a\u043e\u043d\u0442\u0430\u043a\u0442\u044b&#187; _builder_version=&#187;4.27.4&#8243; _module_preset=&#187;default&#187; title_font=&#187;|||on|||||&#187; title_text_align=&#187;left&#187; title_text_color=&#187;#FFFFFF&#187; global_colors_info=&#187;{}&#187;][\/et_pb_heading][et_pb_text _builder_version=&#187;4.27.4&#8243; _module_preset=&#187;default&#187; text_text_color=&#187;#FFFFFF&#187; custom_margin=&#187;||2px|||&#187; custom_padding=&#187;||0px|||&#187; global_colors_info=&#187;{}&#187;]<\/p>\n<p>\u0422\u0435\u043b\u0435\u0444\u043e\u043d:<br \/>+48 (607) 757-562<\/p>\n<p>\u042d\u043b\u0435\u043a\u0442\u0440\u043e\u043d\u043d\u0430\u044f \u043f\u043e\u0447\u0442\u0430: <br \/><a href=\"mailto:info@partlan.pl\">info@partlan.pl<\/a><\/p>\n<p>\u0410\u0434\u0440\u0435\u0441:<br \/>\u0443\u043b. \u0420\u0435\u0442\u043c\u0430\u043d\u044c\u0441\u043a\u0430 2A<br \/>04-987 \u0412\u0430\u0440\u0448\u0430\u0432\u0430<br \/>\u041f\u043e\u043b\u044c\u0448\u0430<\/p>\n<p>&nbsp;<\/p>\n<p>[\/et_pb_text][et_pb_divider admin_label=&#187;Separator&#187; _builder_version=&#187;4.27.4&#8243; _module_preset=&#187;default&#187; global_colors_info=&#187;{}&#187;][\/et_pb_divider][et_pb_text _builder_version=&#187;4.27.4&#8243; _module_preset=&#187;default&#187; text_text_color=&#187;#FFFFFF&#187; custom_margin=&#187;||2px|||&#187; custom_padding=&#187;||0px|||&#187; global_colors_info=&#187;{}&#187;]<\/p>\n<p><span>\u0421\u043a\u043b\u0430\u0434:<\/span><br \/><span>\u0443\u043b. \u0411\u0443\u043a\u043e\u0432\u0435\u0446\u043a\u0430 2\u0410<\/span><br \/><span>03-893 \u0412\u0430\u0440\u0448\u0430\u0432\u0430<\/span><br \/><span>\u041f\u043e\u043b\u044c\u0448\u0430<\/span><\/p>\n<p>[\/et_pb_text][\/et_pb_column][et_pb_column type=&#187;1_4&#8243; _builder_version=&#187;4.27.4&#8243; _module_preset=&#187;default&#187; global_colors_info=&#187;{}&#187;][et_pb_heading title=&#187;\u041f\u0440\u043e\u0434\u0443\u043a\u0442\u044b&#187; _builder_version=&#187;4.27.4&#8243; _module_preset=&#187;default&#187; title_font=&#187;|||on|||||&#187; title_text_align=&#187;left&#187; title_text_color=&#187;#FFFFFF&#187; global_colors_info=&#187;{}&#187;][\/et_pb_heading][et_pb_text _builder_version=&#187;4.27.4&#8243; _module_preset=&#187;default&#187; text_text_color=&#187;#FFFFFF&#187; global_colors_info=&#187;{}&#187;]<\/p>\n<ul>\n<li><strong>\u0414\u0415\u0422\u0410\u041b\u0418 \u0414\u0412\u0418\u0413\u0410\u0422\u0415\u041b\u042f<\/strong><\/li>\n<li><strong>\u0421\u0418\u0421\u0422\u0415\u041c\u0410 \u041f\u0420\u0418\u0412\u041e\u0414\u0410<\/strong><br \/><strong>\u0418 \u0413\u0418\u0414\u0420\u0410\u0412\u041b\u0418\u041a\u0410<\/strong><\/li>\n<li><strong>\u041f\u041e\u0414\u0420\u041e\u0411\u041d\u0415\u0415<\/strong><\/li>\n<li><strong>\u0417\u0423\u0411\u042c\u042f, \u0410\u0414\u0410\u041f\u0422\u0415\u0420\u042b, \u041b\u0415\u0417\u0412\u0418\u042f<\/strong><\/li>\n<li><strong>\u0424\u0418\u041b\u042c\u0422\u0420\u042b<\/strong><\/li>\n<li><strong>\u0414\u0420\u0423\u0413\u041e\u0415<\/strong><\/li>\n<\/ul>\n<p>[\/et_pb_text][et_pb_divider _builder_version=&#187;4.27.4&#8243; _module_preset=&#187;default&#187; hover_enabled=&#187;0&#8243; sticky_enabled=&#187;0&#8243;][\/et_pb_divider][et_pb_text _builder_version=&#187;4.27.4&#8243; _module_preset=&#187;default&#187; link_option_url=&#187;@ET-DC@eyJkeW5hbWljIjp0cnVlLCJjb250ZW50IjoicG9zdF9saW5rX3VybF9wYWdlIiwic2V0dGluZ3MiOnsicG9zdF9pZCI6IjkzNyJ9fQ==@&#187; _dynamic_attributes=&#187;link_option_url&#187; hover_enabled=&#187;0&#8243; sticky_enabled=&#187;0&#8243; text_font=&#187;|600||on|||||&#187; text_text_color=&#187;#FFFFFF&#187; custom_margin=&#187;||10px|||&#187;]<\/p>\n<p><span>\u041f\u043e\u043b\u0438\u0442\u0438\u043a\u0430 \u043a\u043e\u043d\u0444\u0438\u0434\u0435\u043d\u0446\u0438\u0430\u043b\u044c\u043d\u043e\u0441\u0442\u0438<\/span><\/p>\n<p>[\/et_pb_text][et_pb_text _builder_version=&#187;4.27.4&#8243; _module_preset=&#187;default&#187; link_option_url=&#187;@ET-DC@eyJkeW5hbWljIjp0cnVlLCJjb250ZW50IjoicG9zdF9saW5rX3VybF9wYWdlIiwic2V0dGluZ3MiOnsicG9zdF9pZCI6Ijk2NiJ9fQ==@&#187; _dynamic_attributes=&#187;link_option_url&#187; hover_enabled=&#187;0&#8243; sticky_enabled=&#187;0&#8243; text_font=&#187;|600||on|||||&#187; text_text_color=&#187;#FFFFFF&#187;]<\/p>\n<p>\u0418\u043c\u043f\u0440\u0435\u0441\u0441\u0443\u043c<\/p>\n<p>[\/et_pb_text][\/et_pb_column][\/et_pb_row][\/et_pb_section]<\/p>\n","protected":false},"excerpt":{"rendered":"<p>\u0427\u0442\u043e\u0431\u044b \u043e\u0442\u043f\u0440\u0430\u0432\u0438\u0442\u044c \u0444\u043e\u0440\u043c\u0443, \u0412\u044b \u0434\u043e\u043b\u0436\u043d\u044b \u0440\u0435\u0448\u0438\u0442\u044c \u043c\u0430\u0442\u0435\u043c\u0430\u0442\u0438\u0447\u0435\u0441\u043a\u0443\u044e \u0437\u0430\u0434\u0430\u0447\u0443, \u043f\u0440\u0438\u0432\u0435\u0434\u0435\u043d\u043d\u0443\u044e \u0432\u044b\u0448\u0435.\u0422\u0435\u043b\u0435\u0444\u043e\u043d:+48 (607) 757-562 \u042d\u043b\u0435\u043a\u0442\u0440\u043e\u043d\u043d\u0430\u044f \u043f\u043e\u0447\u0442\u0430: info@partlan.pl \u0410\u0434\u0440\u0435\u0441:\u0443\u043b. \u0420\u0435\u0442\u043c\u0430\u043d\u044c\u0441\u043a\u0430 2A04-987 \u0412\u0430\u0440\u0448\u0430\u0432\u0430\u041f\u043e\u043b\u044c\u0448\u0430 &nbsp;\u0421\u043a\u043b\u0430\u0434:\u0443\u043b. \u0411\u0443\u043a\u043e\u0432\u0435\u0446\u043a\u0430 2\u041003-893 \u0412\u0430\u0440\u0448\u0430\u0432\u0430\u041f\u043e\u043b\u044c\u0448\u0430 \u0414\u0415\u0422\u0410\u041b\u0418 \u0414\u0412\u0418\u0413\u0410\u0422\u0415\u041b\u042f \u0421\u0418\u0421\u0422\u0415\u041c\u0410 \u041f\u0420\u0418\u0412\u041e\u0414\u0410\u0418 \u0413\u0418\u0414\u0420\u0410\u0412\u041b\u0418\u041a\u0410 \u041f\u041e\u0414\u0420\u041e\u0411\u041d\u0415\u0415 \u0417\u0423\u0411\u042c\u042f, \u0410\u0414\u0410\u041f\u0422\u0415\u0420\u042b, \u041b\u0415\u0417\u0412\u0418\u042f \u0424\u0418\u041b\u042c\u0422\u0420\u042b \u0414\u0420\u0423\u0413\u041e\u0415 \u041f\u043e\u043b\u0438\u0442\u0438\u043a\u0430 \u043a\u043e\u043d\u0444\u0438\u0434\u0435\u043d\u0446\u0438\u0430\u043b\u044c\u043d\u043e\u0441\u0442\u0438\u0418\u043c\u043f\u0440\u0435\u0441\u0441\u0443\u043c<\/p>\n","protected":false},"author":1,"featured_media":0,"parent":0,"menu_order":0,"comment_status":"closed","ping_status":"closed","template":"","meta":{"_et_pb_use_builder":"on","_et_pb_old_content":"","_et_gb_content_width":"","footnotes":""},"class_list":["post-651","page","type-page","status-publish","hentry"],"yoast_head":"<!-- This site is optimized with the Yoast SEO plugin v27.2 - https:\/\/yoast.com\/product\/yoast-seo-wordpress\/ -->\n<title>\u041a\u043e\u043d\u0442\u0430\u043a\u0442\u044b - Partlan<\/title>\n<meta name=\"robots\" content=\"index, follow, max-snippet:-1, max-image-preview:large, max-video-preview:-1\" \/>\n<link rel=\"canonical\" href=\"https:\/\/partlan.pl\/ru\/%d1%81%d0%b2%d1%8f%d0%b6%d0%b8%d1%82%d0%b5%d1%81%d1%8c-%d1%81\/\" \/>\n<meta property=\"og:locale\" content=\"ru_RU\" \/>\n<meta property=\"og:type\" content=\"article\" \/>\n<meta property=\"og:title\" content=\"\u041a\u043e\u043d\u0442\u0430\u043a\u0442\u044b - Partlan\" \/>\n<meta property=\"og:description\" content=\"\u0427\u0442\u043e\u0431\u044b \u043e\u0442\u043f\u0440\u0430\u0432\u0438\u0442\u044c \u0444\u043e\u0440\u043c\u0443, \u0412\u044b \u0434\u043e\u043b\u0436\u043d\u044b \u0440\u0435\u0448\u0438\u0442\u044c \u043c\u0430\u0442\u0435\u043c\u0430\u0442\u0438\u0447\u0435\u0441\u043a\u0443\u044e \u0437\u0430\u0434\u0430\u0447\u0443, \u043f\u0440\u0438\u0432\u0435\u0434\u0435\u043d\u043d\u0443\u044e \u0432\u044b\u0448\u0435.\u0422\u0435\u043b\u0435\u0444\u043e\u043d:+48 (607) 757-562 \u042d\u043b\u0435\u043a\u0442\u0440\u043e\u043d\u043d\u0430\u044f \u043f\u043e\u0447\u0442\u0430: info@partlan.pl \u0410\u0434\u0440\u0435\u0441:\u0443\u043b. \u0420\u0435\u0442\u043c\u0430\u043d\u044c\u0441\u043a\u0430 2A04-987 \u0412\u0430\u0440\u0448\u0430\u0432\u0430\u041f\u043e\u043b\u044c\u0448\u0430 &nbsp;\u0421\u043a\u043b\u0430\u0434:\u0443\u043b. \u0411\u0443\u043a\u043e\u0432\u0435\u0446\u043a\u0430 2\u041003-893 \u0412\u0430\u0440\u0448\u0430\u0432\u0430\u041f\u043e\u043b\u044c\u0448\u0430 \u0414\u0415\u0422\u0410\u041b\u0418 \u0414\u0412\u0418\u0413\u0410\u0422\u0415\u041b\u042f \u0421\u0418\u0421\u0422\u0415\u041c\u0410 \u041f\u0420\u0418\u0412\u041e\u0414\u0410\u0418 \u0413\u0418\u0414\u0420\u0410\u0412\u041b\u0418\u041a\u0410 \u041f\u041e\u0414\u0420\u041e\u0411\u041d\u0415\u0415 \u0417\u0423\u0411\u042c\u042f, \u0410\u0414\u0410\u041f\u0422\u0415\u0420\u042b, \u041b\u0415\u0417\u0412\u0418\u042f \u0424\u0418\u041b\u042c\u0422\u0420\u042b \u0414\u0420\u0423\u0413\u041e\u0415 \u041f\u043e\u043b\u0438\u0442\u0438\u043a\u0430 \u043a\u043e\u043d\u0444\u0438\u0434\u0435\u043d\u0446\u0438\u0430\u043b\u044c\u043d\u043e\u0441\u0442\u0438\u0418\u043c\u043f\u0440\u0435\u0441\u0441\u0443\u043c\" \/>\n<meta property=\"og:url\" content=\"https:\/\/partlan.pl\/ru\/%d1%81%d0%b2%d1%8f%d0%b6%d0%b8%d1%82%d0%b5%d1%81%d1%8c-%d1%81\/\" \/>\n<meta property=\"og:site_name\" content=\"Partlan\" \/>\n<meta property=\"article:modified_time\" content=\"2025-05-11T09:24:16+00:00\" \/>\n<meta name=\"twitter:card\" content=\"summary_large_image\" \/>\n<meta name=\"twitter:label1\" content=\"\u041f\u0440\u0438\u043c\u0435\u0440\u043d\u043e\u0435 \u0432\u0440\u0435\u043c\u044f \u0434\u043b\u044f \u0447\u0442\u0435\u043d\u0438\u044f\" \/>\n\t<meta name=\"twitter:data1\" content=\"5 \u043c\u0438\u043d\u0443\u0442\" \/>\n<script type=\"application\/ld+json\" class=\"yoast-schema-graph\">{\"@context\":\"https:\/\/schema.org\",\"@graph\":[{\"@type\":\"WebPage\",\"@id\":\"https:\/\/partlan.pl\/ru\/%d1%81%d0%b2%d1%8f%d0%b6%d0%b8%d1%82%d0%b5%d1%81%d1%8c-%d1%81\/\",\"url\":\"https:\/\/partlan.pl\/ru\/%d1%81%d0%b2%d1%8f%d0%b6%d0%b8%d1%82%d0%b5%d1%81%d1%8c-%d1%81\/\",\"name\":\"\u041a\u043e\u043d\u0442\u0430\u043a\u0442\u044b - Partlan\",\"isPartOf\":{\"@id\":\"https:\/\/partlan.pl\/ru\/#website\"},\"datePublished\":\"2025-04-26T22:45:14+00:00\",\"dateModified\":\"2025-05-11T09:24:16+00:00\",\"breadcrumb\":{\"@id\":\"https:\/\/partlan.pl\/ru\/%d1%81%d0%b2%d1%8f%d0%b6%d0%b8%d1%82%d0%b5%d1%81%d1%8c-%d1%81\/#breadcrumb\"},\"inLanguage\":\"ru-RU\",\"potentialAction\":[{\"@type\":\"ReadAction\",\"target\":[\"https:\/\/partlan.pl\/ru\/%d1%81%d0%b2%d1%8f%d0%b6%d0%b8%d1%82%d0%b5%d1%81%d1%8c-%d1%81\/\"]}]},{\"@type\":\"BreadcrumbList\",\"@id\":\"https:\/\/partlan.pl\/ru\/%d1%81%d0%b2%d1%8f%d0%b6%d0%b8%d1%82%d0%b5%d1%81%d1%8c-%d1%81\/#breadcrumb\",\"itemListElement\":[{\"@type\":\"ListItem\",\"position\":1,\"name\":\"\u0414\u043e\u043c\u0430\u0448\u043d\u044f\u044f \u0441\u0442\u0440\u0430\u043d\u0438\u0446\u0430\",\"item\":\"https:\/\/partlan.pl\/ru\/\"},{\"@type\":\"ListItem\",\"position\":2,\"name\":\"\u041a\u043e\u043d\u0442\u0430\u043a\u0442\u044b\"}]},{\"@type\":\"WebSite\",\"@id\":\"https:\/\/partlan.pl\/ru\/#website\",\"url\":\"https:\/\/partlan.pl\/ru\/\",\"name\":\"Partlan\",\"description\":\"Niezale\u017cny dystrybutor oryginalnych i zamiennych cz\u0119\u015bci do maszyn budowlanych i g\u00f3rniczych\",\"potentialAction\":[{\"@type\":\"SearchAction\",\"target\":{\"@type\":\"EntryPoint\",\"urlTemplate\":\"https:\/\/partlan.pl\/ru\/?s={search_term_string}\"},\"query-input\":{\"@type\":\"PropertyValueSpecification\",\"valueRequired\":true,\"valueName\":\"search_term_string\"}}],\"inLanguage\":\"ru-RU\"}]}<\/script>\n<!-- \/ Yoast SEO plugin. -->","yoast_head_json":{"title":"\u041a\u043e\u043d\u0442\u0430\u043a\u0442\u044b - Partlan","robots":{"index":"index","follow":"follow","max-snippet":"max-snippet:-1","max-image-preview":"max-image-preview:large","max-video-preview":"max-video-preview:-1"},"canonical":"https:\/\/partlan.pl\/ru\/%d1%81%d0%b2%d1%8f%d0%b6%d0%b8%d1%82%d0%b5%d1%81%d1%8c-%d1%81\/","og_locale":"ru_RU","og_type":"article","og_title":"\u041a\u043e\u043d\u0442\u0430\u043a\u0442\u044b - Partlan","og_description":"\u0427\u0442\u043e\u0431\u044b \u043e\u0442\u043f\u0440\u0430\u0432\u0438\u0442\u044c \u0444\u043e\u0440\u043c\u0443, \u0412\u044b \u0434\u043e\u043b\u0436\u043d\u044b \u0440\u0435\u0448\u0438\u0442\u044c \u043c\u0430\u0442\u0435\u043c\u0430\u0442\u0438\u0447\u0435\u0441\u043a\u0443\u044e \u0437\u0430\u0434\u0430\u0447\u0443, \u043f\u0440\u0438\u0432\u0435\u0434\u0435\u043d\u043d\u0443\u044e \u0432\u044b\u0448\u0435.\u0422\u0435\u043b\u0435\u0444\u043e\u043d:+48 (607) 757-562 \u042d\u043b\u0435\u043a\u0442\u0440\u043e\u043d\u043d\u0430\u044f \u043f\u043e\u0447\u0442\u0430: info@partlan.pl \u0410\u0434\u0440\u0435\u0441:\u0443\u043b. \u0420\u0435\u0442\u043c\u0430\u043d\u044c\u0441\u043a\u0430 2A04-987 \u0412\u0430\u0440\u0448\u0430\u0432\u0430\u041f\u043e\u043b\u044c\u0448\u0430 &nbsp;\u0421\u043a\u043b\u0430\u0434:\u0443\u043b. \u0411\u0443\u043a\u043e\u0432\u0435\u0446\u043a\u0430 2\u041003-893 \u0412\u0430\u0440\u0448\u0430\u0432\u0430\u041f\u043e\u043b\u044c\u0448\u0430 \u0414\u0415\u0422\u0410\u041b\u0418 \u0414\u0412\u0418\u0413\u0410\u0422\u0415\u041b\u042f \u0421\u0418\u0421\u0422\u0415\u041c\u0410 \u041f\u0420\u0418\u0412\u041e\u0414\u0410\u0418 \u0413\u0418\u0414\u0420\u0410\u0412\u041b\u0418\u041a\u0410 \u041f\u041e\u0414\u0420\u041e\u0411\u041d\u0415\u0415 \u0417\u0423\u0411\u042c\u042f, \u0410\u0414\u0410\u041f\u0422\u0415\u0420\u042b, \u041b\u0415\u0417\u0412\u0418\u042f \u0424\u0418\u041b\u042c\u0422\u0420\u042b \u0414\u0420\u0423\u0413\u041e\u0415 \u041f\u043e\u043b\u0438\u0442\u0438\u043a\u0430 \u043a\u043e\u043d\u0444\u0438\u0434\u0435\u043d\u0446\u0438\u0430\u043b\u044c\u043d\u043e\u0441\u0442\u0438\u0418\u043c\u043f\u0440\u0435\u0441\u0441\u0443\u043c","og_url":"https:\/\/partlan.pl\/ru\/%d1%81%d0%b2%d1%8f%d0%b6%d0%b8%d1%82%d0%b5%d1%81%d1%8c-%d1%81\/","og_site_name":"Partlan","article_modified_time":"2025-05-11T09:24:16+00:00","twitter_card":"summary_large_image","twitter_misc":{"\u041f\u0440\u0438\u043c\u0435\u0440\u043d\u043e\u0435 \u0432\u0440\u0435\u043c\u044f \u0434\u043b\u044f \u0447\u0442\u0435\u043d\u0438\u044f":"5 \u043c\u0438\u043d\u0443\u0442"},"schema":{"@context":"https:\/\/schema.org","@graph":[{"@type":"WebPage","@id":"https:\/\/partlan.pl\/ru\/%d1%81%d0%b2%d1%8f%d0%b6%d0%b8%d1%82%d0%b5%d1%81%d1%8c-%d1%81\/","url":"https:\/\/partlan.pl\/ru\/%d1%81%d0%b2%d1%8f%d0%b6%d0%b8%d1%82%d0%b5%d1%81%d1%8c-%d1%81\/","name":"\u041a\u043e\u043d\u0442\u0430\u043a\u0442\u044b - Partlan","isPartOf":{"@id":"https:\/\/partlan.pl\/ru\/#website"},"datePublished":"2025-04-26T22:45:14+00:00","dateModified":"2025-05-11T09:24:16+00:00","breadcrumb":{"@id":"https:\/\/partlan.pl\/ru\/%d1%81%d0%b2%d1%8f%d0%b6%d0%b8%d1%82%d0%b5%d1%81%d1%8c-%d1%81\/#breadcrumb"},"inLanguage":"ru-RU","potentialAction":[{"@type":"ReadAction","target":["https:\/\/partlan.pl\/ru\/%d1%81%d0%b2%d1%8f%d0%b6%d0%b8%d1%82%d0%b5%d1%81%d1%8c-%d1%81\/"]}]},{"@type":"BreadcrumbList","@id":"https:\/\/partlan.pl\/ru\/%d1%81%d0%b2%d1%8f%d0%b6%d0%b8%d1%82%d0%b5%d1%81%d1%8c-%d1%81\/#breadcrumb","itemListElement":[{"@type":"ListItem","position":1,"name":"\u0414\u043e\u043c\u0430\u0448\u043d\u044f\u044f \u0441\u0442\u0440\u0430\u043d\u0438\u0446\u0430","item":"https:\/\/partlan.pl\/ru\/"},{"@type":"ListItem","position":2,"name":"\u041a\u043e\u043d\u0442\u0430\u043a\u0442\u044b"}]},{"@type":"WebSite","@id":"https:\/\/partlan.pl\/ru\/#website","url":"https:\/\/partlan.pl\/ru\/","name":"Partlan","description":"Niezale\u017cny dystrybutor oryginalnych i zamiennych cz\u0119\u015bci do maszyn budowlanych i g\u00f3rniczych","potentialAction":[{"@type":"SearchAction","target":{"@type":"EntryPoint","urlTemplate":"https:\/\/partlan.pl\/ru\/?s={search_term_string}"},"query-input":{"@type":"PropertyValueSpecification","valueRequired":true,"valueName":"search_term_string"}}],"inLanguage":"ru-RU"}]}},"_links":{"self":[{"href":"https:\/\/partlan.pl\/ru\/wp-json\/wp\/v2\/pages\/651","targetHints":{"allow":["GET"]}}],"collection":[{"href":"https:\/\/partlan.pl\/ru\/wp-json\/wp\/v2\/pages"}],"about":[{"href":"https:\/\/partlan.pl\/ru\/wp-json\/wp\/v2\/types\/page"}],"author":[{"embeddable":true,"href":"https:\/\/partlan.pl\/ru\/wp-json\/wp\/v2\/users\/1"}],"replies":[{"embeddable":true,"href":"https:\/\/partlan.pl\/ru\/wp-json\/wp\/v2\/comments?post=651"}],"version-history":[{"count":7,"href":"https:\/\/partlan.pl\/ru\/wp-json\/wp\/v2\/pages\/651\/revisions"}],"predecessor-version":[{"id":982,"href":"https:\/\/partlan.pl\/ru\/wp-json\/wp\/v2\/pages\/651\/revisions\/982"}],"wp:attachment":[{"href":"https:\/\/partlan.pl\/ru\/wp-json\/wp\/v2\/media?parent=651"}],"curies":[{"name":"wp","href":"https:\/\/api.w.org\/{rel}","templated":true}]}}